{"id":438,"date":"2024-04-02T19:19:01","date_gmt":"2024-04-02T19:19:01","guid":{"rendered":"http:\/\/astro.nexgenbusiness.net\/?page_id=438"},"modified":"2025-09-05T15:38:42","modified_gmt":"2025-09-05T15:38:42","slug":"corporate-2","status":"publish","type":"page","link":"https:\/\/www.astrotravel.pt\/wp\/corporate-2\/","title":{"rendered":"Corporate"},"content":{"rendered":"<p>[et_pb_section fb_built=&#8221;1&#8243; custom_padding_last_edited=&#8221;on|tablet&#8221; admin_label=&#8221;Header&#8221; _builder_version=&#8221;4.24.2&#8243; _module_preset=&#8221;default&#8221; use_background_color_gradient=&#8221;on&#8221; background_color_gradient_stops=&#8221;rgba(31,35,44,0.7) 55%|gcid-e3d6466b-1d5a-42f5-9c40-7cb2ba6ea1ce 100%&#8221; background_color_gradient_overlays_image=&#8221;on&#8221; background_image=&#8221;https:\/\/www.astrotravel.pt\/\/wp\/wp-content\/uploads\/2024\/06\/busineestrip.jpg&#8221; parallax=&#8221;on&#8221; custom_margin=&#8221;0px||||false|false&#8221; custom_margin_tablet=&#8221;-190px||||false|false&#8221; custom_margin_phone=&#8221;-190px||||false|false&#8221; custom_margin_last_edited=&#8221;on|desktop&#8221; custom_padding=&#8221;270px||270px||true|false&#8221; custom_padding_tablet=&#8221;250px||200px||false|false&#8221; custom_padding_phone=&#8221;250px||200px||false|false&#8221; locked=&#8221;off&#8221; collapsed=&#8221;on&#8221; global_colors_info=&#8221;{%22gcid-9fa4a1b6-767d-41ca-984c-a6f10449c843%22:%91%22background_color_gradient_stops%22%93,%22gcid-e3d6466b-1d5a-42f5-9c40-7cb2ba6ea1ce%22:%91%22background_color_gradient_stops%22%93}&#8221;][et_pb_row _builder_version=&#8221;4.27.4&#8243; _module_preset=&#8221;default&#8221; transform_scale_tablet=&#8221;&#8221; transform_scale_phone=&#8221;&#8221; transform_scale_last_edited=&#8221;on|phone&#8221; transform_translate_tablet=&#8221;0px|40px&#8221; transform_translate_phone=&#8221;0px|50px&#8221; transform_translate_last_edited=&#8221;on|phone&#8221; transform_translate_linked_tablet=&#8221;off&#8221; transform_translate_linked_phone=&#8221;off&#8221; transform_rotate_tablet=&#8221;&#8221; transform_rotate_phone=&#8221;&#8221; transform_rotate_last_edited=&#8221;on|phone&#8221; transform_skew_tablet=&#8221;&#8221; transform_skew_phone=&#8221;&#8221; transform_skew_last_edited=&#8221;on|phone&#8221; transform_origin_tablet=&#8221;&#8221; transform_origin_phone=&#8221;&#8221; transform_origin_last_edited=&#8221;on|phone&#8221; transform_styles_last_edited=&#8221;on|phone&#8221; transform_styles_tablet=&#8221;&#8221; transform_styles_phone=&#8221;&#8221; global_colors_info=&#8221;{}&#8221;][et_pb_column type=&#8221;4_4&#8243; _builder_version=&#8221;4.20.0&#8243; _module_preset=&#8221;default&#8221; global_colors_info=&#8221;{}&#8221;][et_pb_image src=&#8221;https:\/\/www.astrotravel.pt\/\/wp\/wp-content\/uploads\/2024\/03\/attorney-1.png&#8221; title_text=&#8221;attorney-1&#8243; _builder_version=&#8221;4.20.0&#8243; _module_preset=&#8221;default&#8221; max_width=&#8221;130px&#8221; module_alignment=&#8221;center&#8221; global_colors_info=&#8221;{}&#8221;][\/et_pb_image][et_pb_text _builder_version=&#8221;4.24.2&#8243; _module_preset=&#8221;7c499123-5257-4a37-80d3-ff6cdaa4bc1c&#8221; header_font=&#8221;Arboria Book|||on|||||&#8221; header_text_color=&#8221;gcid-898dc9b4-cb3d-4883-bec9-e388c811548b&#8221; text_orientation=&#8221;center&#8221; global_colors_info=&#8221;{%22gcid-898dc9b4-cb3d-4883-bec9-e388c811548b%22:%91%22header_text_color%22%93}&#8221;]<\/p>\n<h1>Corporate<\/h1>\n<p>[\/et_pb_text][\/et_pb_column][\/et_pb_row][\/et_pb_section][et_pb_section fb_built=&#8221;1&#8243; admin_label=&#8221;Services&#8221; _builder_version=&#8221;4.24.2&#8243; _module_preset=&#8221;default&#8221; background_color=&#8221;gcid-898dc9b4-cb3d-4883-bec9-e388c811548b&#8221; locked=&#8221;off&#8221; collapsed=&#8221;off&#8221; global_colors_info=&#8221;{%22gcid-898dc9b4-cb3d-4883-bec9-e388c811548b%22:%91%22background_color%22%93}&#8221;][et_pb_row column_structure=&#8221;1_2,1_2&#8243; custom_padding_last_edited=&#8221;on|tablet&#8221; _builder_version=&#8221;4.24.2&#8243; _module_preset=&#8221;default&#8221; custom_padding_tablet=&#8221;||0px||false|false&#8221; custom_padding_phone=&#8221;||0px||false|false&#8221; animation_style=&#8221;flip&#8221; animation_direction=&#8221;left&#8221; animation_duration=&#8221;1150ms&#8221; locked=&#8221;off&#8221; global_colors_info=&#8221;{}&#8221;][et_pb_column type=&#8221;1_2&#8243; _builder_version=&#8221;4.20.0&#8243; _module_preset=&#8221;default&#8221; global_colors_info=&#8221;{}&#8221;][et_pb_image src=&#8221;https:\/\/www.astrotravel.pt\/\/wp\/wp-content\/uploads\/2024\/07\/mangement.png&#8221; title_text=&#8221;mangement&#8221; align=&#8221;center&#8221; _builder_version=&#8221;4.24.2&#8243; _module_preset=&#8221;default&#8221; global_colors_info=&#8221;{}&#8221;][\/et_pb_image][et_pb_text _builder_version=&#8221;4.24.2&#8243; _module_preset=&#8221;e8cc3c88-7558-463d-89a2-7da178ee4396&#8243; header_4_font=&#8221;Arboria Medium|700||on|||||&#8221; header_4_text_color=&#8221;gcid-e3d6466b-1d5a-42f5-9c40-7cb2ba6ea1ce&#8221; text_orientation=&#8221;center&#8221; custom_margin=&#8221;||0px||false|false&#8221; global_colors_info=&#8221;{%22gcid-e3d6466b-1d5a-42f5-9c40-7cb2ba6ea1ce%22:%91%22header_4_text_color%22%93}&#8221;]<\/p>\n<h4>Toda a Gest\u00e3o<\/h4>\n<p>[\/et_pb_text][et_pb_text admin_label=&#8221;Text&#8221; _builder_version=&#8221;4.24.2&#8243; _module_preset=&#8221;05a1dafc-010d-4a7c-957f-9a91c327cd5f&#8221; text_font=&#8221;Arboria Book||||||||&#8221; text_text_color=&#8221;gcid-9fa4a1b6-767d-41ca-984c-a6f10449c843&#8243; text_orientation=&#8221;center&#8221; locked=&#8221;off&#8221; global_colors_info=&#8221;{%22gcid-9fa4a1b6-767d-41ca-984c-a6f10449c843%22:%91%22text_text_color%22%93}&#8221;]<\/p>\n<p>Planeamento de visitas ou participa\u00e7\u00f5es em exposi\u00e7\u00f5es, congressos e outros eventos<\/p>\n<p>[\/et_pb_text][\/et_pb_column][et_pb_column type=&#8221;1_2&#8243; _builder_version=&#8221;4.20.0&#8243; _module_preset=&#8221;default&#8221; global_colors_info=&#8221;{}&#8221;][et_pb_image src=&#8221;https:\/\/www.astrotravel.pt\/\/wp\/wp-content\/uploads\/2024\/07\/business-trip.png&#8221; title_text=&#8221;business-trip&#8221; align=&#8221;center&#8221; _builder_version=&#8221;4.24.2&#8243; _module_preset=&#8221;default&#8221; global_colors_info=&#8221;{}&#8221;][\/et_pb_image][et_pb_text _builder_version=&#8221;4.27.4&#8243; _module_preset=&#8221;e8cc3c88-7558-463d-89a2-7da178ee4396&#8243; header_4_font=&#8221;Arboria Medium|700||on|||||&#8221; header_4_text_color=&#8221;gcid-e3d6466b-1d5a-42f5-9c40-7cb2ba6ea1ce&#8221; text_orientation=&#8221;center&#8221; custom_margin=&#8221;||0px||false|false&#8221; hover_enabled=&#8221;0&#8243; global_colors_info=&#8221;{%22gcid-e3d6466b-1d5a-42f5-9c40-7cb2ba6ea1ce%22:%91%22header_4_text_color%22%93}&#8221; sticky_enabled=&#8221;0&#8243;]<\/p>\n<h4>Viagens de neg\u00f3cio \u00e0 medida<\/h4>\n<p>[\/et_pb_text][et_pb_text admin_label=&#8221;Text&#8221; _builder_version=&#8221;4.24.2&#8243; _module_preset=&#8221;05a1dafc-010d-4a7c-957f-9a91c327cd5f&#8221; text_font=&#8221;Arboria Book||||||||&#8221; text_text_color=&#8221;#000000&#8243; text_orientation=&#8221;center&#8221; global_colors_info=&#8221;{}&#8221;]<\/p>\n<p><span>Todos os detalhes da viagem, de acordo com as Suas necessidades<\/span><\/p>\n<p>[\/et_pb_text][\/et_pb_column][\/et_pb_row][et_pb_row column_structure=&#8221;1_2,1_2&#8243; custom_padding_last_edited=&#8221;on|desktop&#8221; _builder_version=&#8221;4.27.4&#8243; _module_preset=&#8221;default&#8221; custom_padding_tablet=&#8221;||35px||false|false&#8221; custom_padding_phone=&#8221;||35px||false|false&#8221; animation_style=&#8221;flip&#8221; animation_direction=&#8221;bottom&#8221; animation_duration=&#8221;1150ms&#8221; locked=&#8221;off&#8221; global_colors_info=&#8221;{}&#8221;][et_pb_column type=&#8221;1_2&#8243; _builder_version=&#8221;4.20.0&#8243; _module_preset=&#8221;default&#8221; global_colors_info=&#8221;{}&#8221;][et_pb_image src=&#8221;https:\/\/www.astrotravel.pt\/\/wp\/wp-content\/uploads\/2024\/07\/team.png&#8221; title_text=&#8221;team&#8221; align=&#8221;center&#8221; _builder_version=&#8221;4.24.2&#8243; _module_preset=&#8221;default&#8221; global_colors_info=&#8221;{}&#8221;][\/et_pb_image][et_pb_text _builder_version=&#8221;4.24.2&#8243; _module_preset=&#8221;e8cc3c88-7558-463d-89a2-7da178ee4396&#8243; header_4_font=&#8221;Arboria Medium|700||on|||||&#8221; header_4_text_color=&#8221;gcid-e3d6466b-1d5a-42f5-9c40-7cb2ba6ea1ce&#8221; text_orientation=&#8221;center&#8221; custom_margin=&#8221;||0px||false|false&#8221; global_colors_info=&#8221;{%22gcid-e3d6466b-1d5a-42f5-9c40-7cb2ba6ea1ce%22:%91%22header_4_text_color%22%93}&#8221;]<\/p>\n<h4>Para Toda a equipa<\/h4>\n<p>[\/et_pb_text][et_pb_text admin_label=&#8221;Text&#8221; _builder_version=&#8221;4.24.2&#8243; _module_preset=&#8221;05a1dafc-010d-4a7c-957f-9a91c327cd5f&#8221; text_font=&#8221;Arboria Book||||||||&#8221; text_text_color=&#8221;#000000&#8243; text_orientation=&#8221;center&#8221; global_colors_info=&#8221;{}&#8221;]<\/p>\n<p>Viagens e atividades de team building<\/p>\n<p>[\/et_pb_text][\/et_pb_column][et_pb_column type=&#8221;1_2&#8243; _builder_version=&#8221;4.20.0&#8243; _module_preset=&#8221;default&#8221; global_colors_info=&#8221;{}&#8221;][et_pb_image src=&#8221;https:\/\/www.astrotravel.pt\/\/wp\/wp-content\/uploads\/2024\/07\/laazer.png&#8221; title_text=&#8221;laazer&#8221; align=&#8221;center&#8221; admin_label=&#8221;Image&#8221; _builder_version=&#8221;4.24.2&#8243; _module_preset=&#8221;default&#8221; global_colors_info=&#8221;{}&#8221;][\/et_pb_image][et_pb_text _builder_version=&#8221;4.24.2&#8243; _module_preset=&#8221;e8cc3c88-7558-463d-89a2-7da178ee4396&#8243; header_4_font=&#8221;Arboria Medium|700||on|||||&#8221; header_4_text_color=&#8221;gcid-e3d6466b-1d5a-42f5-9c40-7cb2ba6ea1ce&#8221; text_orientation=&#8221;center&#8221; custom_margin=&#8221;||0px||false|false&#8221; global_colors_info=&#8221;{%22gcid-e3d6466b-1d5a-42f5-9c40-7cb2ba6ea1ce%22:%91%22header_4_text_color%22%93}&#8221;]<\/p>\n<h4>Lazer<\/h4>\n<p>&nbsp;<\/p>\n<p>[\/et_pb_text][et_pb_text _builder_version=&#8221;4.24.2&#8243; _module_preset=&#8221;05a1dafc-010d-4a7c-957f-9a91c327cd5f&#8221; text_font=&#8221;Arboria Book||||||||&#8221; text_text_color=&#8221;#000000&#8243; text_orientation=&#8221;center&#8221; global_colors_info=&#8221;{}&#8221;]<\/p>\n<p>Viagens de incentivo e de lazer (Voucher oferta para clientes\/colaboradores)<\/p>\n<p>[\/et_pb_text][\/et_pb_column][\/et_pb_row][\/et_pb_section][et_pb_section fb_built=&#8221;1&#8243; admin_label=&#8221;Services&#8221; _builder_version=&#8221;4.24.2&#8243; _module_preset=&#8221;default&#8221; background_color=&#8221;gcid-e3d6466b-1d5a-42f5-9c40-7cb2ba6ea1ce&#8221; locked=&#8221;off&#8221; collapsed=&#8221;on&#8221; global_colors_info=&#8221;{%22gcid-e3d6466b-1d5a-42f5-9c40-7cb2ba6ea1ce%22:%91%22background_color%22%93}&#8221;][et_pb_row column_structure=&#8221;1_4,1_2,1_4&#8243; make_equal=&#8221;on&#8221; disabled_on=&#8221;on|on|on&#8221; _builder_version=&#8221;4.24.2&#8243; _module_preset=&#8221;default&#8221; width=&#8221;100%&#8221; max_width=&#8221;1227px&#8221; module_alignment=&#8221;center&#8221; custom_margin=&#8221;||||false|false&#8221; animation_style=&#8221;fade&#8221; animation_speed_curve=&#8221;ease-in&#8221; disabled=&#8221;on&#8221; global_colors_info=&#8221;{}&#8221;][et_pb_column type=&#8221;1_4&#8243; _builder_version=&#8221;4.24.2&#8243; _module_preset=&#8221;default&#8221; use_background_color_gradient=&#8221;on&#8221; background_color_gradient_direction=&#8221;246deg&#8221; background_color_gradient_stops=&#8221;rgba(255,255,255,0) 0%|gcid-e3d6466b-1d5a-42f5-9c40-7cb2ba6ea1ce 100%&#8221; background_color_gradient_overlays_image=&#8221;on&#8221; background_image=&#8221;https:\/\/www.astrotravel.pt\/\/wp\/wp-content\/uploads\/2024\/06\/congress.jpg&#8221; custom_padding=&#8221;60px|30px|60px|30px|true|true&#8221; custom_padding_tablet=&#8221;40px||40px||true|false&#8221; custom_padding_phone=&#8221;30px|20px|30px|20px|true|true&#8221; custom_padding_last_edited=&#8221;on|desktop&#8221; animation_style=&#8221;zoom&#8221; global_colors_info=&#8221;{}&#8221;][et_pb_image src=&#8221;https:\/\/www.astrotravel.pt\/\/wp\/wp-content\/uploads\/2024\/03\/attorney-1.png&#8221; title_text=&#8221;pexels-amine-m&#8217;siouri-2245436&#8243; _builder_version=&#8221;4.24.2&#8243; _module_preset=&#8221;default&#8221; background_enable_image=&#8221;off&#8221; max_width=&#8221;130px&#8221; module_alignment=&#8221;center&#8221; global_colors_info=&#8221;{}&#8221;][\/et_pb_image][et_pb_text _builder_version=&#8221;4.24.2&#8243; _module_preset=&#8221;bad48013-e6ab-4dd5-89ca-135ca13d5fb7&#8243; text_font=&#8221;Arboria Bold||||||||&#8221; header_3_font=&#8221;Arboria Thin|700||on|||||&#8221; header_3_text_color=&#8221;#FFFFFF&#8221; text_orientation=&#8221;center&#8221; global_colors_info=&#8221;{}&#8221;]<\/p>\n<h3><span class=\"tit\">TODA A GEST\u00c3O<br \/><\/span><\/h3>\n<p>[\/et_pb_text][et_pb_text _builder_version=&#8221;4.24.2&#8243; _module_preset=&#8221;214957eb-2407-44f5-806d-aa6c1a3572bc&#8221; text_font=&#8221;Arboria Book||||||||&#8221; text_text_color=&#8221;#FFFFFF&#8221; text_orientation=&#8221;center&#8221; global_colors_info=&#8221;{}&#8221;]<\/p>\n<p>Planeamento de visitas ou participa\u00e7\u00f5es em exposi\u00e7\u00f5es, congressos e outros<br \/>eventos;<\/p>\n<p>[\/et_pb_text][\/et_pb_column][et_pb_column type=&#8221;1_2&#8243; _builder_version=&#8221;4.24.2&#8243; _module_preset=&#8221;default&#8221; use_background_color_gradient=&#8221;on&#8221; background_color_gradient_direction=&#8221;1deg&#8221; background_color_gradient_stops=&#8221;rgba(201,167,130,0.48) 0%|gcid-898dc9b4-cb3d-4883-bec9-e388c811548b 100%&#8221; background_color_gradient_overlays_image=&#8221;on&#8221; background_image=&#8221;https:\/\/www.astrotravel.pt\/\/wp\/wp-content\/uploads\/2024\/06\/busineestrip.jpg&#8221; custom_padding=&#8221;60px|30px|60px|30px|true|true&#8221; custom_padding_tablet=&#8221;40px||40px||true|false&#8221; custom_padding_phone=&#8221;30px|20px|30px|20px|true|true&#8221; custom_padding_last_edited=&#8221;on|desktop&#8221; animation_style=&#8221;zoom&#8221; animation_duration=&#8221;850ms&#8221; global_colors_info=&#8221;{%22gcid-898dc9b4-cb3d-4883-bec9-e388c811548b%22:%91%22background_color_gradient_stops%22%93}&#8221;][et_pb_image src=&#8221;https:\/\/www.astrotravel.pt\/\/wp\/wp-content\/uploads\/2024\/03\/attorney-2.png&#8221; title_text=&#8221;attorney-2&#8243; _builder_version=&#8221;4.20.0&#8243; _module_preset=&#8221;default&#8221; max_width=&#8221;130px&#8221; module_alignment=&#8221;center&#8221; global_colors_info=&#8221;{}&#8221;][\/et_pb_image][et_pb_text _builder_version=&#8221;4.24.2&#8243; _module_preset=&#8221;bad48013-e6ab-4dd5-89ca-135ca13d5fb7&#8243; text_font=&#8221;Arboria Thin||||||||&#8221; header_font=&#8221;Arboria Thin||||||||&#8221; header_3_font=&#8221;Arboria Thin|700||on|||||&#8221; text_orientation=&#8221;center&#8221; global_colors_info=&#8221;{}&#8221;]<\/p>\n<h3><span class=\"tit\">VIagens de neg\u00f3cios a Medida<br \/><\/span><\/h3>\n<p>[\/et_pb_text][et_pb_text _builder_version=&#8221;4.24.2&#8243; _module_preset=&#8221;214957eb-2407-44f5-806d-aa6c1a3572bc&#8221; text_font=&#8221;Arboria Book||||||||&#8221; text_text_color=&#8221;#000000&#8243; text_orientation=&#8221;center&#8221; global_colors_info=&#8221;{}&#8221;]<\/p>\n<p>\u00a0lorem ipsum lorem ipsum<\/p>\n<p>[\/et_pb_text][\/et_pb_column][et_pb_column type=&#8221;1_4&#8243; _builder_version=&#8221;4.24.2&#8243; _module_preset=&#8221;default&#8221; use_background_color_gradient=&#8221;on&#8221; background_color_gradient_stops=&#8221;rgba(255,255,255,0) 0%|gcid-e3d6466b-1d5a-42f5-9c40-7cb2ba6ea1ce 100%&#8221; background_color_gradient_overlays_image=&#8221;on&#8221; background_image=&#8221;https:\/\/www.astrotravel.pt\/\/wp\/wp-content\/uploads\/2024\/06\/teambuilding-scaled.jpg&#8221; custom_padding=&#8221;60px|30px|60px|30px|true|true&#8221; custom_padding_tablet=&#8221;40px||40px||true|false&#8221; custom_padding_phone=&#8221;30px|20px|30px|20px|true|true&#8221; custom_padding_last_edited=&#8221;on|desktop&#8221; animation_style=&#8221;zoom&#8221; global_colors_info=&#8221;{%22gcid-898dc9b4-cb3d-4883-bec9-e388c811548b%22:%91%22background_color_gradient_stops%22%93,%22gcid-5d2cc59d-0d5e-4791-bab9-2e1abc7a0c4a%22:%91%22background_color_gradient_stops%22%93,%22gcid-e3d6466b-1d5a-42f5-9c40-7cb2ba6ea1ce%22:%91%22background_color_gradient_stops%22%93}&#8221;][et_pb_image src=&#8221;https:\/\/www.astrotravel.pt\/\/wp\/wp-content\/uploads\/2024\/03\/attorney-3.png&#8221; title_text=&#8221;attorney-3&#8243; _builder_version=&#8221;4.20.0&#8243; _module_preset=&#8221;default&#8221; max_width=&#8221;130px&#8221; module_alignment=&#8221;center&#8221; global_colors_info=&#8221;{}&#8221;][\/et_pb_image][et_pb_text _builder_version=&#8221;4.24.2&#8243; _module_preset=&#8221;bad48013-e6ab-4dd5-89ca-135ca13d5fb7&#8243; text_font=&#8221;Arboria Thin||||||||&#8221; header_3_font=&#8221;Arboria Thin|700||on|||||&#8221; header_3_text_color=&#8221;#FFFFFF&#8221; text_orientation=&#8221;center&#8221; global_colors_info=&#8221;{}&#8221;]<\/p>\n<h3><span class=\"tit\">para toda a equipa<\/span><\/h3>\n<p>[\/et_pb_text][et_pb_text _builder_version=&#8221;4.24.2&#8243; _module_preset=&#8221;214957eb-2407-44f5-806d-aa6c1a3572bc&#8221; text_text_color=&#8221;#FFFFFF&#8221; header_font=&#8221;Arboria Thin||||||||&#8221; text_orientation=&#8221;center&#8221; global_colors_info=&#8221;{}&#8221;]<\/p>\n<p>Viagens e avidades de Team Building;<\/p>\n<p>[\/et_pb_text][\/et_pb_column][\/et_pb_row][et_pb_row make_equal=&#8221;on&#8221; disabled_on=&#8221;on|on|on&#8221; _builder_version=&#8221;4.24.2&#8243; _module_preset=&#8221;default&#8221; custom_margin=&#8221;||||false|false&#8221; animation_style=&#8221;fade&#8221; animation_speed_curve=&#8221;ease-in&#8221; disabled=&#8221;on&#8221; global_colors_info=&#8221;{}&#8221;][et_pb_column type=&#8221;4_4&#8243; _builder_version=&#8221;4.24.2&#8243; _module_preset=&#8221;default&#8221; use_background_color_gradient=&#8221;on&#8221; background_color_gradient_direction=&#8221;176deg&#8221; background_color_gradient_stops=&#8221;rgba(255,255,255,0) 0%|gcid-e3d6466b-1d5a-42f5-9c40-7cb2ba6ea1ce 100%&#8221; background_color_gradient_overlays_image=&#8221;on&#8221; background_image=&#8221;https:\/\/www.astrotravel.pt\/\/wp\/wp-content\/uploads\/2024\/06\/lazer.jpg&#8221; custom_padding=&#8221;60px|30px|60px|30px|true|true&#8221; custom_padding_tablet=&#8221;40px||40px||true|false&#8221; custom_padding_phone=&#8221;30px|20px|30px|20px|true|true&#8221; custom_padding_last_edited=&#8221;on|desktop&#8221; animation_style=&#8221;zoom&#8221; global_colors_info=&#8221;{}&#8221;][et_pb_image src=&#8221;https:\/\/www.astrotravel.pt\/\/wp\/wp-content\/uploads\/2024\/03\/attorney-1.png&#8221; title_text=&#8221;pexels-amine-m&#8217;siouri-2245436&#8243; _builder_version=&#8221;4.24.2&#8243; _module_preset=&#8221;default&#8221; background_enable_image=&#8221;off&#8221; max_width=&#8221;130px&#8221; module_alignment=&#8221;center&#8221; global_colors_info=&#8221;{}&#8221;][\/et_pb_image][et_pb_text _builder_version=&#8221;4.24.2&#8243; _module_preset=&#8221;bad48013-e6ab-4dd5-89ca-135ca13d5fb7&#8243; header_3_text_color=&#8221;#FFFFFF&#8221; text_orientation=&#8221;center&#8221; global_colors_info=&#8221;{}&#8221;]<\/p>\n<h3><span class=\"tit\">LAZER<\/span><\/h3>\n<p>[\/et_pb_text][et_pb_text _builder_version=&#8221;4.24.2&#8243; _module_preset=&#8221;bad48013-e6ab-4dd5-89ca-135ca13d5fb7&#8243; text_font=&#8221;Arboria Thin||||||||&#8221; text_text_color=&#8221;#FFFFFF&#8221; text_font_size=&#8221;19px&#8221; header_3_text_color=&#8221;#FFFFFF&#8221; text_orientation=&#8221;center&#8221; global_colors_info=&#8221;{}&#8221;]<\/p>\n<p><span class=\"tit\"><strong>Viagens de incentivo e de lazer<\/strong> <\/span><\/p>\n<p>[\/et_pb_text][et_pb_text _builder_version=&#8221;4.24.2&#8243; _module_preset=&#8221;bad48013-e6ab-4dd5-89ca-135ca13d5fb7&#8243; text_font=&#8221;Arboria Thin||||||||&#8221; text_text_color=&#8221;#FFFFFF&#8221; text_font_size=&#8221;19px&#8221; header_3_text_color=&#8221;#FFFFFF&#8221; text_orientation=&#8221;center&#8221; background_layout=&#8221;dark&#8221; global_colors_info=&#8221;{}&#8221;]<\/p>\n<p><strong><span class=\"tit\">(Voucher oferta para clientes\/colaboradores).<\/span><\/strong><\/p>\n<p>[\/et_pb_text][\/et_pb_column][\/et_pb_row][et_pb_row _builder_version=&#8221;4.24.2&#8243; _module_preset=&#8221;default&#8221; global_colors_info=&#8221;{}&#8221;][et_pb_column type=&#8221;4_4&#8243; _builder_version=&#8221;4.24.2&#8243; _module_preset=&#8221;default&#8221; global_colors_info=&#8221;{}&#8221;][et_pb_image src=&#8221;https:\/\/www.astrotravel.pt\/\/wp\/wp-content\/uploads\/2024\/03\/attorney-1.png&#8221; title_text=&#8221;pexels-amine-m&#8217;siouri-2245436&#8243; disabled_on=&#8221;on|on|on&#8221; _builder_version=&#8221;4.24.2&#8243; _module_preset=&#8221;default&#8221; background_enable_image=&#8221;off&#8221; max_width=&#8221;130px&#8221; module_alignment=&#8221;center&#8221; disabled=&#8221;on&#8221; locked=&#8221;off&#8221; global_colors_info=&#8221;{}&#8221;][\/et_pb_image][\/et_pb_column][\/et_pb_row][\/et_pb_section][et_pb_section fb_built=&#8221;1&#8243; admin_label=&#8221;Contact Info&#8221; _builder_version=&#8221;4.24.2&#8243; _module_preset=&#8221;default&#8221; background_color=&#8221;gcid-e3d6466b-1d5a-42f5-9c40-7cb2ba6ea1ce&#8221; locked=&#8221;off&#8221; collapsed=&#8221;off&#8221; global_colors_info=&#8221;{%22gcid-e3d6466b-1d5a-42f5-9c40-7cb2ba6ea1ce%22:%91%22background_color%22%93}&#8221;][et_pb_row _builder_version=&#8221;4.27.4&#8243; _module_preset=&#8221;default&#8221; custom_padding=&#8221;10px|10px|10px|10px|true|true&#8221; border_width_all=&#8221;2px&#8221; border_color_all=&#8221;rgba(202,182,161,0.3)&#8221; global_colors_info=&#8221;{}&#8221;][et_pb_column type=&#8221;4_4&#8243; _builder_version=&#8221;4.27.4&#8243; _module_preset=&#8221;default&#8221; use_background_color_gradient=&#8221;on&#8221; background_color_gradient_stops=&#8221;gcid-898dc9b4-cb3d-4883-bec9-e388c811548b 0%|gcid-898dc9b4-cb3d-4883-bec9-e388c811548b 100%&#8221; background_color_gradient_overlays_image=&#8221;on&#8221; background_enable_image=&#8221;off&#8221; custom_padding=&#8221;60px|60px|60px|60px|true|true&#8221; custom_padding_tablet=&#8221;30px|40px|30px|40px|true|true&#8221; custom_padding_phone=&#8221;20px|10px|20px|10px|true|true&#8221; custom_padding_last_edited=&#8221;on|phone&#8221; global_colors_info=&#8221;{%22gcid-898dc9b4-cb3d-4883-bec9-e388c811548b%22:%91%22background_color_gradient_stops%22%93,%22gcid-5d2cc59d-0d5e-4791-bab9-2e1abc7a0c4a%22:%91%22background_color_gradient_stops%22%93}&#8221;][et_pb_text _builder_version=&#8221;4.24.2&#8243; _module_preset=&#8221;bad48013-e6ab-4dd5-89ca-135ca13d5fb7&#8243; header_3_font=&#8221;Arboria Thin|700||on|||||&#8221; text_orientation=&#8221;center&#8221; global_colors_info=&#8221;{}&#8221;]<\/p>\n<h3>FALE CONOSCO e reserve j\u00e1 a sua viagem!<\/h3>\n<p>[\/et_pb_text][et_pb_text _builder_version=&#8221;4.27.4&#8243; _module_preset=&#8221;fd7b83da-28b8-4ece-bf23-5785661d9f84&#8243; header_2_font=&#8221;Arboria Light|700||on|||||&#8221; header_2_text_color=&#8221;gcid-9fa4a1b6-767d-41ca-984c-a6f10449c843&#8243; text_orientation=&#8221;center&#8221; header_2_font_size_tablet=&#8221;&#8221; header_2_font_size_phone=&#8221;25px&#8221; header_2_font_size_last_edited=&#8221;on|phone&#8221; global_colors_info=&#8221;{%22gcid-9fa4a1b6-767d-41ca-984c-a6f10449c843%22:%91%22header_2_text_color%22%93}&#8221;]<\/p>\n<h2><a href=\"tel:+351966921314\">(+351) 966 921 314**<\/a><\/h2>\n<p>[\/et_pb_text][\/et_pb_column][\/et_pb_row][\/et_pb_section]<\/p>\n","protected":false},"excerpt":{"rendered":"<p>CorporateToda a Gest\u00e3oPlaneamento de visitas ou participa\u00e7\u00f5es em exposi\u00e7\u00f5es, congressos e outros eventosViagens de neg\u00f3cio \u00e0 medidaTodos os detalhes da viagem, de acordo com as Suas necessidadesPara Toda a equipaViagens e atividades de team buildingLazer &nbsp;Viagens de incentivo e de lazer (Voucher oferta para clientes\/colaboradores)TODA A GEST\u00c3OPlaneamento de visitas ou participa\u00e7\u00f5es em exposi\u00e7\u00f5es, congressos e [&hellip;]<\/p>\n","protected":false},"author":1,"featured_media":0,"parent":0,"menu_order":0,"comment_status":"closed","ping_status":"closed","template":"","meta":{"_et_pb_use_builder":"on","_et_pb_old_content":"","_et_gb_content_width":"","footnotes":""},"class_list":["post-438","page","type-page","status-publish","hentry"],"_links":{"self":[{"href":"https:\/\/www.astrotravel.pt\/wp\/wp-json\/wp\/v2\/pages\/438","targetHints":{"allow":["GET"]}}],"collection":[{"href":"https:\/\/www.astrotravel.pt\/wp\/wp-json\/wp\/v2\/pages"}],"about":[{"href":"https:\/\/www.astrotravel.pt\/wp\/wp-json\/wp\/v2\/types\/page"}],"author":[{"embeddable":true,"href":"https:\/\/www.astrotravel.pt\/wp\/wp-json\/wp\/v2\/users\/1"}],"replies":[{"embeddable":true,"href":"https:\/\/www.astrotravel.pt\/wp\/wp-json\/wp\/v2\/comments?post=438"}],"version-history":[{"count":34,"href":"https:\/\/www.astrotravel.pt\/wp\/wp-json\/wp\/v2\/pages\/438\/revisions"}],"predecessor-version":[{"id":1421,"href":"https:\/\/www.astrotravel.pt\/wp\/wp-json\/wp\/v2\/pages\/438\/revisions\/1421"}],"wp:attachment":[{"href":"https:\/\/www.astrotravel.pt\/wp\/wp-json\/wp\/v2\/media?parent=438"}],"curies":[{"name":"wp","href":"https:\/\/api.w.org\/{rel}","templated":true}]}}